{"id":80,"date":"2022-06-20T10:33:57","date_gmt":"2022-06-20T13:33:57","guid":{"rendered":"https:\/\/alohabemsao.com.br\/?page_id=80"},"modified":"2022-08-08T09:56:05","modified_gmt":"2022-08-08T12:56:05","slug":"quem-somos","status":"publish","type":"page","link":"http:\/\/alohabemsao.com.br\/index.php\/quem-somos\/","title":{"rendered":"Quem Somos"},"content":{"rendered":"\t\t<div data-elementor-type=\"wp-page\" data-elementor-id=\"80\" class=\"elementor elementor-80\">\n\t\t\t\t\t\t<section class=\"elementor-section elementor-top-section elementor-element elementor-element-56681e4a elementor-section-boxed elementor-section-height-default elementor-section-height-default\" data-id=\"56681e4a\" data-element_type=\"section\" data-settings=\"{&quot;background_background&quot;:&quot;classic&quot;,&quot;shape_divider_bottom&quot;:&quot;mountains&quot;}\">\n\t\t\t\t\t\t\t<div class=\"elementor-background-overlay\"><\/div>\n\t\t\t\t\t\t<div class=\"elementor-shape elementor-shape-bottom\" data-negative=\"false\">\n\t\t\t<svg xmlns=\"http:\/\/www.w3.org\/2000\/svg\" viewBox=\"0 0 1000 100\" preserveAspectRatio=\"none\">\n\t<path class=\"elementor-shape-fill\" opacity=\"0.33\" d=\"M473,67.3c-203.9,88.3-263.1-34-320.3,0C66,119.1,0,59.7,0,59.7V0h1000v59.7 c0,0-62.1,26.1-94.9,29.3c-32.8,3.3-62.8-12.3-75.8-22.1C806,49.6,745.3,8.7,694.9,4.7S492.4,59,473,67.3z\"\/>\n\t<path class=\"elementor-shape-fill\" opacity=\"0.66\" d=\"M734,67.3c-45.5,0-77.2-23.2-129.1-39.1c-28.6-8.7-150.3-10.1-254,39.1 s-91.7-34.4-149.2,0C115.7,118.3,0,39.8,0,39.8V0h1000v36.5c0,0-28.2-18.5-92.1-18.5C810.2,18.1,775.7,67.3,734,67.3z\"\/>\n\t<path class=\"elementor-shape-fill\" d=\"M766.1,28.9c-200-57.5-266,65.5-395.1,19.5C242,1.8,242,5.4,184.8,20.6C128,35.8,132.3,44.9,89.9,52.5C28.6,63.7,0,0,0,0 h1000c0,0-9.9,40.9-83.6,48.1S829.6,47,766.1,28.9z\"\/>\n<\/svg>\t\t<\/div>\n\t\t\t\t\t<div class=\"elementor-container elementor-column-gap-default\">\n\t\t\t\t\t<div class=\"elementor-column elementor-col-50 elementor-top-column elementor-element elementor-element-69faab21\" data-id=\"69faab21\" data-element_type=\"column\">\n\t\t\t<div class=\"elementor-widget-wrap elementor-element-populated\">\n\t\t\t\t\t\t<div class=\"elementor-element elementor-element-71988bda elementor-widget elementor-widget-heading\" data-id=\"71988bda\" data-element_type=\"widget\" data-widget_type=\"heading.default\">\n\t\t\t\t<div class=\"elementor-widget-container\">\n\t\t\t\t\t<h1 class=\"elementor-heading-title elementor-size-default\">Quem Somos<\/h1>\t\t\t\t<\/div>\n\t\t\t\t<\/div>\n\t\t\t\t<div class=\"elementor-element elementor-element-5ead044d elementor-widget elementor-widget-text-editor\" data-id=\"5ead044d\" data-element_type=\"widget\" data-widget_type=\"text-editor.default\">\n\t\t\t\t<div class=\"elementor-widget-container\">\n\t\t\t\t\t\t\t\t\t<p><span style=\"font-weight: 400;\">Somos especialistas no desenvolvimento do ser humano na consci\u00eancia da sa\u00fade integral alicer\u00e7ada nos tr\u00eas pilares: corpo, mente, energia \u2013 a Morada do Ser.<\/span><\/p>\t\t\t\t\t\t\t\t<\/div>\n\t\t\t\t<\/div>\n\t\t\t\t\t<\/div>\n\t\t<\/div>\n\t\t\t\t<div class=\"elementor-column elementor-col-50 elementor-top-column elementor-element elementor-element-49dc8a8d\" data-id=\"49dc8a8d\" data-element_type=\"column\">\n\t\t\t<div class=\"elementor-widget-wrap\">\n\t\t\t\t\t\t\t<\/div>\n\t\t<\/div>\n\t\t\t\t\t<\/div>\n\t\t<\/section>\n\t\t\t\t<section class=\"elementor-section elementor-top-section elementor-element elementor-element-777b34d elementor-section-boxed elementor-section-height-default elementor-section-height-default\" data-id=\"777b34d\" data-element_type=\"section\">\n\t\t\t\t\t\t<div class=\"elementor-container elementor-column-gap-default\">\n\t\t\t\t\t<div class=\"elementor-column elementor-col-50 elementor-top-column elementor-element elementor-element-6671b2a elementor-invisible\" data-id=\"6671b2a\" data-element_type=\"column\" data-settings=\"{&quot;animation&quot;:&quot;swing&quot;}\">\n\t\t\t<div class=\"elementor-widget-wrap elementor-element-populated\">\n\t\t\t\t\t\t<div class=\"elementor-element elementor-element-2d96c47 elementor-widget elementor-widget-image\" data-id=\"2d96c47\" data-element_type=\"widget\" data-widget_type=\"image.default\">\n\t\t\t\t<div class=\"elementor-widget-container\">\n\t\t\t\t\t\t\t\t\t\t\t\t\t\t\t<img fetchpriority=\"high\" decoding=\"async\" width=\"246\" height=\"246\" src=\"http:\/\/alohabemsao.com.br\/wp-content\/uploads\/2022\/06\/verm1.png\" class=\"attachment-large size-large wp-image-110\" alt=\"\" srcset=\"http:\/\/alohabemsao.com.br\/wp-content\/uploads\/2022\/06\/verm1.png 246w, http:\/\/alohabemsao.com.br\/wp-content\/uploads\/2022\/06\/verm1-150x150.png 150w\" sizes=\"(max-width: 246px) 100vw, 246px\" \/>\t\t\t\t\t\t\t\t\t\t\t\t\t\t\t<\/div>\n\t\t\t\t<\/div>\n\t\t\t\t<div class=\"elementor-element elementor-element-c9658b0 elementor-widget elementor-widget-image\" data-id=\"c9658b0\" data-element_type=\"widget\" data-widget_type=\"image.default\">\n\t\t\t\t<div class=\"elementor-widget-container\">\n\t\t\t\t\t\t\t\t\t\t\t\t\t\t\t<img decoding=\"async\" src=\"http:\/\/alohabemsao.com.br\/wp-content\/uploads\/elementor\/thumbs\/IMG_20220401_084215-scaled-e1656964179687-r77jzp6ie99v34i4q9wgudffh6kzajwlxwdtariah4.jpeg\" title=\"IMG_20220401_084215\" alt=\"IMG_20220401_084215\" loading=\"lazy\" \/>\t\t\t\t\t\t\t\t\t\t\t\t\t\t\t<\/div>\n\t\t\t\t<\/div>\n\t\t\t\t<div class=\"elementor-element elementor-element-6f6bd31 elementor-widget elementor-widget-image\" data-id=\"6f6bd31\" data-element_type=\"widget\" data-widget_type=\"image.default\">\n\t\t\t\t<div class=\"elementor-widget-container\">\n\t\t\t\t\t\t\t\t\t\t\t\t\t\t\t<img decoding=\"async\" width=\"461\" height=\"461\" src=\"http:\/\/alohabemsao.com.br\/wp-content\/uploads\/2022\/06\/vermescuro.png\" class=\"attachment-full size-full wp-image-111\" alt=\"\" srcset=\"http:\/\/alohabemsao.com.br\/wp-content\/uploads\/2022\/06\/vermescuro.png 461w, http:\/\/alohabemsao.com.br\/wp-content\/uploads\/2022\/06\/vermescuro-300x300.png 300w, http:\/\/alohabemsao.com.br\/wp-content\/uploads\/2022\/06\/vermescuro-150x150.png 150w\" sizes=\"(max-width: 461px) 100vw, 461px\" \/>\t\t\t\t\t\t\t\t\t\t\t\t\t\t\t<\/div>\n\t\t\t\t<\/div>\n\t\t\t\t\t<\/div>\n\t\t<\/div>\n\t\t\t\t<div class=\"elementor-column elementor-col-50 elementor-top-column elementor-element elementor-element-cee484d\" data-id=\"cee484d\" data-element_type=\"column\">\n\t\t\t<div class=\"elementor-widget-wrap elementor-element-populated\">\n\t\t\t\t\t\t<div class=\"elementor-element elementor-element-d1c8bae elementor-widget elementor-widget-heading\" data-id=\"d1c8bae\" data-element_type=\"widget\" data-widget_type=\"heading.default\">\n\t\t\t\t<div class=\"elementor-widget-container\">\n\t\t\t\t\t<h3 class=\"elementor-heading-title elementor-size-large\">Sobre AlohA Bem-S\u00e3o<\/h3>\t\t\t\t<\/div>\n\t\t\t\t<\/div>\n\t\t\t\t<div class=\"elementor-element elementor-element-181b700 elementor-widget elementor-widget-text-editor\" data-id=\"181b700\" data-element_type=\"widget\" data-widget_type=\"text-editor.default\">\n\t\t\t\t<div class=\"elementor-widget-container\">\n\t\t\t\t\t\t\t\t\t<p><b>Nossos valores:<\/b><\/p><ul><li><span style=\"font-weight: 400;\">Vida simples e sustent\u00e1vel<\/span><\/li><li><span style=\"font-weight: 400;\">C<\/span>onsci\u00eancia de que o trabalho est\u00e1 na vida, e n\u00e3o a vida no trabalho<\/li><li>A biografia espelhando a biologia &#8211; ou seja, a maneira como vivo fica impressa no corpo.<\/li><li>Integramos no dia-a-dia a m\u00e1xima: vivo bem, em consci\u00eancia, sou s\u00e3o.<\/li><\/ul><p><b>\u00a0<\/b><\/p><p><b>Por que Aloha-Bem S\u00e3o?<\/b><\/p><p><b>Aloha:<\/b><span style=\"font-weight: 400;\"> escolhemos este nome para que sua identidade seja representada pela pr\u00e1tica das cinco qualidades presentes nesta sauda\u00e7\u00e3o polin\u00e9sia; paci\u00eancia, simplicidade, satisfa\u00e7\u00e3o, uni\u00e3o e ternura.<\/span><\/p><p><span style=\"font-weight: 400;\">A energia veiculada no cumprimento aben\u00e7oa o ser que a recebe, fazendo circular o Amor em abund\u00e2ncia, sempre no caminho da plenitude do ser. Por isso, <\/span><b>\u201cBem S\u00e3o\u201d<\/b><span style=\"font-weight: 400;\">, nossa assinatura, faz alus\u00e3o \u00e0 sa\u00fade integral e \u00e0 ben\u00e7\u00e3o em ser inteiro.<\/span><\/p><p><b>O logo Aloha<\/b><\/p><p><span style=\"font-weight: 400;\">Nosso logo foi desenvolvido para vibrar as inten\u00e7\u00f5es mais profundas da alma de nosso neg\u00f3cio. As letras possuem formas retas para materializa\u00e7\u00e3o do sonho com duas colunas nas pontas protegendo a ess\u00eancia central, a mandala Aloha, de onde a for\u00e7a sens\u00edvel \u00e9 expandida. As duas letras \u201cA\u201d nas formas triangular e quadrada simbolizam a M\u00f4nada, o ethos do ser an\u00edmico, a morada do esp\u00edrito.<\/span><\/p><p><span style=\"font-weight: 400;\">A cor vermelha do fundo representa o continente para nossa for\u00e7a vital com a prote\u00e7\u00e3o da\u00a0<\/span><span style=\"font-weight: 400;\">linha azul em torno do quadrado \u2013 a materialidade.<\/span><\/p><p><span style=\"font-weight: 400;\">A cor laranja das letras expressam a energia pelo desejo e a vontade \u00e9 liberada pela cor amarela do c\u00edrculo formado pelos oito tri\u00e2ngulos.\u00a0<\/span><\/p><p><span style=\"font-weight: 400;\">Os tri\u00e2ngulos aterrissam a espiritualidade no logo e a roda formada no centro de luz azul libera, pela consci\u00eancia, a energia da totalidade \u2013 <\/span><span style=\"font-weight: 400;\">o ser integral.<\/span><\/p>\t\t\t\t\t\t\t\t<\/div>\n\t\t\t\t<\/div>\n\t\t\t\t\t<\/div>\n\t\t<\/div>\n\t\t\t\t\t<\/div>\n\t\t<\/section>\n\t\t\t\t<section class=\"elementor-section elementor-top-section elementor-element elementor-element-30835432 elementor-section-boxed elementor-section-height-default elementor-section-height-default\" data-id=\"30835432\" data-element_type=\"section\" data-settings=\"{&quot;background_background&quot;:&quot;classic&quot;,&quot;shape_divider_top&quot;:&quot;waves&quot;,&quot;shape_divider_top_negative&quot;:&quot;yes&quot;,&quot;shape_divider_bottom&quot;:&quot;waves&quot;,&quot;shape_divider_bottom_negative&quot;:&quot;yes&quot;}\">\n\t\t\t\t\t\t\t<div class=\"elementor-background-overlay\"><\/div>\n\t\t\t\t\t\t<div class=\"elementor-shape elementor-shape-top\" data-negative=\"true\">\n\t\t\t<svg xmlns=\"http:\/\/www.w3.org\/2000\/svg\" viewBox=\"0 0 1000 100\" preserveAspectRatio=\"none\">\n\t<path class=\"elementor-shape-fill\" d=\"M790.5,93.1c-59.3-5.3-116.8-18-192.6-50c-29.6-12.7-76.9-31-100.5-35.9c-23.6-4.9-52.6-7.8-75.5-5.3\n\tc-10.2,1.1-22.6,1.4-50.1,7.4c-27.2,6.3-58.2,16.6-79.4,24.7c-41.3,15.9-94.9,21.9-134,22.6C72,58.2,0,25.8,0,25.8V100h1000V65.3\n\tc0,0-51.5,19.4-106.2,25.7C839.5,97,814.1,95.2,790.5,93.1z\"\/>\n<\/svg>\t\t<\/div>\n\t\t\t\t<div class=\"elementor-shape elementor-shape-bottom\" data-negative=\"true\">\n\t\t\t<svg xmlns=\"http:\/\/www.w3.org\/2000\/svg\" viewBox=\"0 0 1000 100\" preserveAspectRatio=\"none\">\n\t<path class=\"elementor-shape-fill\" d=\"M790.5,93.1c-59.3-5.3-116.8-18-192.6-50c-29.6-12.7-76.9-31-100.5-35.9c-23.6-4.9-52.6-7.8-75.5-5.3\n\tc-10.2,1.1-22.6,1.4-50.1,7.4c-27.2,6.3-58.2,16.6-79.4,24.7c-41.3,15.9-94.9,21.9-134,22.6C72,58.2,0,25.8,0,25.8V100h1000V65.3\n\tc0,0-51.5,19.4-106.2,25.7C839.5,97,814.1,95.2,790.5,93.1z\"\/>\n<\/svg>\t\t<\/div>\n\t\t\t\t\t<div class=\"elementor-container elementor-column-gap-default\">\n\t\t\t\t\t<div class=\"elementor-column elementor-col-100 elementor-top-column elementor-element elementor-element-3edcad9d\" data-id=\"3edcad9d\" data-element_type=\"column\">\n\t\t\t<div class=\"elementor-widget-wrap elementor-element-populated\">\n\t\t\t\t\t\t<section class=\"elementor-section elementor-inner-section elementor-element elementor-element-66b585b8 elementor-section-boxed elementor-section-height-default elementor-section-height-default\" data-id=\"66b585b8\" data-element_type=\"section\">\n\t\t\t\t\t\t<div class=\"elementor-container elementor-column-gap-default\">\n\t\t\t\t\t<div class=\"elementor-column elementor-col-33 elementor-inner-column elementor-element elementor-element-3b1d4730\" data-id=\"3b1d4730\" data-element_type=\"column\">\n\t\t\t<div class=\"elementor-widget-wrap elementor-element-populated\">\n\t\t\t\t\t\t<div class=\"elementor-element elementor-element-7ccd406a elementor-widget elementor-widget-text-editor\" data-id=\"7ccd406a\" data-element_type=\"widget\" data-widget_type=\"text-editor.default\">\n\t\t\t\t<div class=\"elementor-widget-container\">\n\t\t\t\t\t\t\t\t\t<p><span style=\"font-weight: 400;\">O Fellipe \u00e9 muito paciente e entende muito do que faz, quando retornei, n\u00e3o pensei em mais nenhum lugar a n\u00e3o ser aqui. N\u00f3s merecemos esse tempo, esse cuidado com nosso corpo e com nossa mente<\/span><\/p>\t\t\t\t\t\t\t\t<\/div>\n\t\t\t\t<\/div>\n\t\t\t\t<div class=\"elementor-element elementor-element-3f843426 elementor-widget-divider--view-line elementor-widget elementor-widget-divider\" data-id=\"3f843426\" data-element_type=\"widget\" data-widget_type=\"divider.default\">\n\t\t\t\t<div class=\"elementor-widget-container\">\n\t\t\t\t\t\t\t<div class=\"elementor-divider\">\n\t\t\t<span class=\"elementor-divider-separator\">\n\t\t\t\t\t\t<\/span>\n\t\t<\/div>\n\t\t\t\t\t\t<\/div>\n\t\t\t\t<\/div>\n\t\t\t\t<div class=\"elementor-element elementor-element-796e7a84 elementor-widget elementor-widget-heading\" data-id=\"796e7a84\" data-element_type=\"widget\" data-widget_type=\"heading.default\">\n\t\t\t\t<div class=\"elementor-widget-container\">\n\t\t\t\t\t<h6 class=\"elementor-heading-title elementor-size-default\">Luana Esteves<\/h6>\t\t\t\t<\/div>\n\t\t\t\t<\/div>\n\t\t\t\t\t<\/div>\n\t\t<\/div>\n\t\t\t\t<div class=\"elementor-column elementor-col-33 elementor-inner-column elementor-element elementor-element-d6db53c\" data-id=\"d6db53c\" data-element_type=\"column\">\n\t\t\t<div class=\"elementor-widget-wrap elementor-element-populated\">\n\t\t\t\t\t\t<div class=\"elementor-element elementor-element-637d1ac elementor-widget elementor-widget-text-editor\" data-id=\"637d1ac\" data-element_type=\"widget\" data-widget_type=\"text-editor.default\">\n\t\t\t\t<div class=\"elementor-widget-container\">\n\t\t\t\t\t\t\t\t\t<p><span style=\"font-weight: 400;\">Na minha idade, 64, \u00e9 fundamental fazer atividade f\u00edsica e para mim, a Aloha oferece exerc\u00edcios completos: traz melhora cardiovascular, mant\u00e9m um bom controle da glicemia e diminui o colesterol ruim. H\u00e1 melhora da massa \u00f3ssea, o que ajuda na preven\u00e7\u00e3o da osteoporose e mais facilidade para emagrecer. E ainda ajuda na produ\u00e7\u00e3o de endorfinas<\/span><\/p>\t\t\t\t\t\t\t\t<\/div>\n\t\t\t\t<\/div>\n\t\t\t\t<div class=\"elementor-element elementor-element-c9588af elementor-widget-divider--view-line elementor-widget elementor-widget-divider\" data-id=\"c9588af\" data-element_type=\"widget\" data-widget_type=\"divider.default\">\n\t\t\t\t<div class=\"elementor-widget-container\">\n\t\t\t\t\t\t\t<div class=\"elementor-divider\">\n\t\t\t<span class=\"elementor-divider-separator\">\n\t\t\t\t\t\t<\/span>\n\t\t<\/div>\n\t\t\t\t\t\t<\/div>\n\t\t\t\t<\/div>\n\t\t\t\t<div class=\"elementor-element elementor-element-a1670c1 elementor-widget elementor-widget-heading\" data-id=\"a1670c1\" data-element_type=\"widget\" data-widget_type=\"heading.default\">\n\t\t\t\t<div class=\"elementor-widget-container\">\n\t\t\t\t\t<h6 class=\"elementor-heading-title elementor-size-default\">Edna Rosa<\/h6>\t\t\t\t<\/div>\n\t\t\t\t<\/div>\n\t\t\t\t\t<\/div>\n\t\t<\/div>\n\t\t\t\t<div class=\"elementor-column elementor-col-33 elementor-inner-column elementor-element elementor-element-37ed4ca\" data-id=\"37ed4ca\" data-element_type=\"column\">\n\t\t\t<div class=\"elementor-widget-wrap elementor-element-populated\">\n\t\t\t\t\t\t<div class=\"elementor-element elementor-element-8c77d4f elementor-widget elementor-widget-text-editor\" data-id=\"8c77d4f\" data-element_type=\"widget\" data-widget_type=\"text-editor.default\">\n\t\t\t\t<div class=\"elementor-widget-container\">\n\t\t\t\t\t\t\t\t\t<p><span style=\"font-weight: 400;\">Queria melhorar meu condicionamento f\u00edsico e vivenciar novos desafios. Os treinos da AlohA s\u00e3o \u00f3timos, me proporciona energia e fazem com que aumente minha autoestima. \u00c9 um \u00f3timo desafio, muito importante tamb\u00e9m para a sa\u00fade f\u00edsica e mental<\/span><\/p>\t\t\t\t\t\t\t\t<\/div>\n\t\t\t\t<\/div>\n\t\t\t\t<div class=\"elementor-element elementor-element-6840c1a elementor-widget-divider--view-line elementor-widget elementor-widget-divider\" data-id=\"6840c1a\" data-element_type=\"widget\" data-widget_type=\"divider.default\">\n\t\t\t\t<div class=\"elementor-widget-container\">\n\t\t\t\t\t\t\t<div class=\"elementor-divider\">\n\t\t\t<span class=\"elementor-divider-separator\">\n\t\t\t\t\t\t<\/span>\n\t\t<\/div>\n\t\t\t\t\t\t<\/div>\n\t\t\t\t<\/div>\n\t\t\t\t<div class=\"elementor-element elementor-element-03fdb9c elementor-widget elementor-widget-heading\" data-id=\"03fdb9c\" data-element_type=\"widget\" data-widget_type=\"heading.default\">\n\t\t\t\t<div class=\"elementor-widget-container\">\n\t\t\t\t\t<h6 class=\"elementor-heading-title elementor-size-default\">Daniela Souza<\/h6>\t\t\t\t<\/div>\n\t\t\t\t<\/div>\n\t\t\t\t\t<\/div>\n\t\t<\/div>\n\t\t\t\t\t<\/div>\n\t\t<\/section>\n\t\t\t\t\t<\/div>\n\t\t<\/div>\n\t\t\t\t\t<\/div>\n\t\t<\/section>\n\t\t\t\t<section class=\"elementor-section elementor-top-section elementor-element elementor-element-f1a150c elementor-section-boxed elementor-section-height-default elementor-section-height-default\" data-id=\"f1a150c\" data-element_type=\"section\">\n\t\t\t\t\t\t<div class=\"elementor-container elementor-column-gap-default\">\n\t\t\t\t\t<div class=\"elementor-column elementor-col-50 elementor-top-column elementor-element elementor-element-65e3049\" data-id=\"65e3049\" data-element_type=\"column\">\n\t\t\t<div class=\"elementor-widget-wrap elementor-element-populated\">\n\t\t\t\t\t\t<div class=\"elementor-element elementor-element-2059788 elementor-widget elementor-widget-heading\" data-id=\"2059788\" data-element_type=\"widget\" data-widget_type=\"heading.default\">\n\t\t\t\t<div class=\"elementor-widget-container\">\n\t\t\t\t\t<h3 class=\"elementor-heading-title elementor-size-large\">Profissional Respons\u00e1vel: Professor Fellipe Hasse<\/h3>\t\t\t\t<\/div>\n\t\t\t\t<\/div>\n\t\t\t\t<div class=\"elementor-element elementor-element-1c3448b elementor-widget elementor-widget-text-editor\" data-id=\"1c3448b\" data-element_type=\"widget\" data-widget_type=\"text-editor.default\">\n\t\t\t\t<div class=\"elementor-widget-container\">\n\t\t\t\t\t\t\t\t\t<ul><li>Formado em Educa\u00e7\u00e3o F\u00edsica pela FMU &#8211; 2006<\/li><li>P\u00f3s-graduado em treinamento desportivo<\/li><li>Especializa\u00e7\u00e3o em treinamento funcional<\/li><li>Treinador Core 360\u00a0 &#8211; Level 1, 2, 3 e 4.<\/li><li>Forma\u00e7\u00f5es\u00a0 na Europa:<br \/>Holmes Place<\/li><li>PT Foundation Course &#8211; Personal Trainer<\/li><li>PT Foundation Course &#8211; Fit Ball<\/li><li>PT Foundation Course &#8211; Kettbell<\/li><li>Treinador oficial do Treinamento Gaia<\/li><li>Reikiano<\/li><li>N\u00edvel avan\u00e7ado 1 Pr\u00f3 Vida &#8211; Integra\u00e7\u00e3o c\u00f3smica<\/li><\/ul>\t\t\t\t\t\t\t\t<\/div>\n\t\t\t\t<\/div>\n\t\t\t\t\t<\/div>\n\t\t<\/div>\n\t\t\t\t<div class=\"elementor-column elementor-col-50 elementor-top-column elementor-element elementor-element-7b23c8a elementor-invisible\" data-id=\"7b23c8a\" data-element_type=\"column\" data-settings=\"{&quot;animation&quot;:&quot;swing&quot;}\">\n\t\t\t<div class=\"elementor-widget-wrap elementor-element-populated\">\n\t\t\t\t\t\t<div class=\"elementor-element elementor-element-62ea9dd elementor-widget elementor-widget-image\" data-id=\"62ea9dd\" data-element_type=\"widget\" data-widget_type=\"image.default\">\n\t\t\t\t<div class=\"elementor-widget-container\">\n\t\t\t\t\t\t\t\t\t\t\t\t\t\t\t<img fetchpriority=\"high\" decoding=\"async\" width=\"246\" height=\"246\" src=\"http:\/\/alohabemsao.com.br\/wp-content\/uploads\/2022\/06\/verm1.png\" class=\"attachment-large size-large wp-image-110\" alt=\"\" srcset=\"http:\/\/alohabemsao.com.br\/wp-content\/uploads\/2022\/06\/verm1.png 246w, http:\/\/alohabemsao.com.br\/wp-content\/uploads\/2022\/06\/verm1-150x150.png 150w\" sizes=\"(max-width: 246px) 100vw, 246px\" \/>\t\t\t\t\t\t\t\t\t\t\t\t\t\t\t<\/div>\n\t\t\t\t<\/div>\n\t\t\t\t<div class=\"elementor-element elementor-element-2db6566 elementor-widget elementor-widget-image\" data-id=\"2db6566\" data-element_type=\"widget\" data-widget_type=\"image.default\">\n\t\t\t\t<div class=\"elementor-widget-container\">\n\t\t\t\t\t\t\t\t\t\t\t\t\t\t\t<img decoding=\"async\" width=\"461\" height=\"461\" src=\"http:\/\/alohabemsao.com.br\/wp-content\/uploads\/2022\/06\/prof.png\" class=\"attachment-large size-large wp-image-128\" alt=\"\" srcset=\"http:\/\/alohabemsao.com.br\/wp-content\/uploads\/2022\/06\/prof.png 461w, http:\/\/alohabemsao.com.br\/wp-content\/uploads\/2022\/06\/prof-300x300.png 300w, http:\/\/alohabemsao.com.br\/wp-content\/uploads\/2022\/06\/prof-150x150.png 150w\" sizes=\"(max-width: 461px) 100vw, 461px\" \/>\t\t\t\t\t\t\t\t\t\t\t\t\t\t\t<\/div>\n\t\t\t\t<\/div>\n\t\t\t\t<div class=\"elementor-element elementor-element-028bee9 elementor-widget elementor-widget-image\" data-id=\"028bee9\" data-element_type=\"widget\" data-widget_type=\"image.default\">\n\t\t\t\t<div class=\"elementor-widget-container\">\n\t\t\t\t\t\t\t\t\t\t\t\t\t\t\t<img decoding=\"async\" width=\"461\" height=\"461\" src=\"http:\/\/alohabemsao.com.br\/wp-content\/uploads\/2022\/06\/vermescuro.png\" class=\"attachment-full size-full wp-image-111\" alt=\"\" srcset=\"http:\/\/alohabemsao.com.br\/wp-content\/uploads\/2022\/06\/vermescuro.png 461w, http:\/\/alohabemsao.com.br\/wp-content\/uploads\/2022\/06\/vermescuro-300x300.png 300w, http:\/\/alohabemsao.com.br\/wp-content\/uploads\/2022\/06\/vermescuro-150x150.png 150w\" sizes=\"(max-width: 461px) 100vw, 461px\" \/>\t\t\t\t\t\t\t\t\t\t\t\t\t\t\t<\/div>\n\t\t\t\t<\/div>\n\t\t\t\t\t<\/div>\n\t\t<\/div>\n\t\t\t\t\t<\/div>\n\t\t<\/section>\n\t\t\t\t<\/div>\n\t\t","protected":false},"excerpt":{"rendered":"<p>Quem Somos Somos especialistas no desenvolvimento do ser humano na consci\u00eancia da sa\u00fade integral alicer\u00e7ada nos tr\u00eas pilares: corpo, mente, energia \u2013 a Morada do Ser. Sobre AlohA Bem-S\u00e3o Nossos valores: Vida simples e sustent\u00e1vel Consci\u00eancia de que o trabalho est\u00e1 na vida, e n\u00e3o a vida no trabalho A biografia espelhando a biologia &#8211; [&hellip;]<\/p>\n","protected":false},"author":1,"featured_media":0,"parent":0,"menu_order":0,"comment_status":"closed","ping_status":"closed","template":"","meta":{"footnotes":"","_joinchat":[]},"_links":{"self":[{"href":"http:\/\/alohabemsao.com.br\/index.php\/wp-json\/wp\/v2\/pages\/80"}],"collection":[{"href":"http:\/\/alohabemsao.com.br\/index.php\/wp-json\/wp\/v2\/pages"}],"about":[{"href":"http:\/\/alohabemsao.com.br\/index.php\/wp-json\/wp\/v2\/types\/page"}],"author":[{"embeddable":true,"href":"http:\/\/alohabemsao.com.br\/index.php\/wp-json\/wp\/v2\/users\/1"}],"replies":[{"embeddable":true,"href":"http:\/\/alohabemsao.com.br\/index.php\/wp-json\/wp\/v2\/comments?post=80"}],"version-history":[{"count":22,"href":"http:\/\/alohabemsao.com.br\/index.php\/wp-json\/wp\/v2\/pages\/80\/revisions"}],"predecessor-version":[{"id":262,"href":"http:\/\/alohabemsao.com.br\/index.php\/wp-json\/wp\/v2\/pages\/80\/revisions\/262"}],"wp:attachment":[{"href":"http:\/\/alohabemsao.com.br\/index.php\/wp-json\/wp\/v2\/media?parent=80"}],"curies":[{"name":"wp","href":"https:\/\/api.w.org\/{rel}","templated":true}]}}